{"id":4249,"date":"2022-09-06T13:18:34","date_gmt":"2022-09-06T13:18:34","guid":{"rendered":"https:\/\/jks-pro.fi\/?page_id=4249"},"modified":"2024-12-20T12:31:06","modified_gmt":"2024-12-20T10:31:06","slug":"unternehmen","status":"publish","type":"page","link":"https:\/\/jks-pro.fi\/de\/unternehmen\/","title":{"rendered":"Unternehmen"},"content":{"rendered":"<section class=\"block block-core\">\n<div class=\"wp-block-cover\" style=\"min-height:179px;aspect-ratio:unset;\"><span aria-hidden=\"true\" class=\"wp-block-cover__background has-background-dim-80 has-background-dim\"><\/span><video class=\"wp-block-cover__video-background intrinsic-ignore\" autoplay muted loop playsinline src=\"https:\/\/jks-pro.fi\/wp-content\/uploads\/2022\/11\/jks_pro_1.mp4\" data-object-fit=\"cover\"><\/video><div class=\"wp-block-cover__inner-container is-layout-flow wp-block-cover-is-layout-flow\"><section class=\"block block-core\">\n<div style=\"height:20px\" aria-hidden=\"true\" class=\"wp-block-spacer\"><\/div>\n<\/section>\n\n<section class=\"block block-core\">\n<h1 class=\"wp-block-heading has-white-color has-text-color\">Unternehmen<\/h1>\n<\/section><\/div><\/div>\n<\/section>\n\n<section class=\"block block-core\">\n<div class=\"wp-block-group wp-embed-aspect-16-9 wp-has-aspect-ratio\"><div class=\"wp-block-group__inner-container is-layout-constrained wp-block-group-is-layout-constrained\"><section class=\"block block-core\">\n<div style=\"height:54px\" aria-hidden=\"true\" class=\"wp-block-spacer\"><\/div>\n<\/section>\n\n<section class=\"block block-core\">\n<h1 class=\"wp-block-heading\">JKS Products Ltd \u2013 breite Palette von Netzwerkbautechnologien von einem f\u00fchrenden Hersteller in Finnland<\/h1>\n<\/section>\n\n<section class=\"block block-core\">\n<div style=\"height:54px\" aria-hidden=\"true\" class=\"wp-block-spacer\"><\/div>\n<\/section>\n\n<section class=\"block block-core\">\n<p>JKS Products Ltd stellt im finnischen Ylivi\u0119ska Kabeltrommelanh\u00e4nger und Netzbaumaschinen her. Das Unternehmen verf\u00fcgt \u00fcber fast 25 Jahre Erfahrung in der Herstellung von Netzwerkbautechnik. Dar\u00fcber hinaus f\u00fchren wir f\u00fcr unsere Kunden Auftragsfertigungen durch, wie z. B. Zulieferdienstleistungen f\u00fcr Rohrlaser und automatische Bands\u00e4gen.<\/p>\n<\/section>\n\n<section class=\"block block-core\">\n<div style=\"height:54px\" aria-hidden=\"true\" class=\"wp-block-spacer\"><\/div>\n<\/section>\n\n<section class=\"block block-core\">\n<div class=\"wp-block-columns is-layout-flex wp-container-core-columns-is-layout-9d6595d7 wp-block-columns-is-layout-flex\"><section class=\"block block-core\">\n<div class=\"wp-block-column is-layout-flow wp-block-column-is-layout-flow\" style=\"flex-basis:50%\"><section class=\"block block-core\">\n<figure class=\"wp-block-embed is-type-rich is-provider-embed-handler wp-block-embed-embed-handler wp-embed-aspect-16-9 wp-has-aspect-ratio\"><div class=\"wp-block-embed__wrapper\">\n<iframe title=\"JKS Products company presentation 2025\" width=\"500\" height=\"281\" data-src=\"https:\/\/www.youtube.com\/embed\/DLaiKWDnPLE?feature=oembed\" frameborder=\"0\" allow=\"accelerometer; autoplay; clipboard-write; encrypted-media; gyroscope; picture-in-picture; web-share\" referrerpolicy=\"strict-origin-when-cross-origin\" allowfullscreen src=\"data:image\/svg+xml;base64,PHN2ZyB3aWR0aD0iMSIgaGVpZ2h0PSIxIiB4bWxucz0iaHR0cDovL3d3dy53My5vcmcvMjAwMC9zdmciPjwvc3ZnPg==\" class=\"lazyload\" data-load-mode=\"1\"><\/iframe>\n<\/div><\/figure>\n<\/section><\/div>\n<\/section>\n\n<section class=\"block block-core\">\n<div class=\"wp-block-column is-layout-flow wp-block-column-is-layout-flow\"><section class=\"block block-core\">\n<p>Dank unserer breiten <a href=\"https:\/\/jks-pro.fi\/de\/produkte\/\">Produktpalette<\/a> und unseres eigenen Designs sind wir in der Lage, unseren Kunden umfassende und funktionale L\u00f6sungen anzubieten. Fast die H\u00e4lfte unseres Umsatzes wird durch den Export erwirtschaftet.<\/p>\n<\/section>\n\n<section class=\"block block-core\">\n<div class=\"wp-block-buttons wp-embed-aspect-16-9 wp-has-aspect-ratio is-content-justification-left is-layout-flex wp-container-core-buttons-is-layout-fdcfc74e wp-block-buttons-is-layout-flex\"><section class=\"block block-core\">\n<div class=\"wp-block-button\"><a class=\"wp-block-button__link has-white-color has-luminous-vivid-orange-background-color has-text-color has-background has-link-color wp-element-button\" href=\"https:\/\/jks-pro.fi\/de\/kontaktieren-sie-uns\/\">Kontaktieren Sie bitte uns<\/a><\/div>\n<\/section><\/div>\n<\/section><\/div>\n<\/section><\/div>\n<\/section><\/div><\/div>\n<\/section>\n\n<section class=\"block block-core\">\n<div style=\"height:54px\" aria-hidden=\"true\" class=\"wp-block-spacer\"><\/div>\n<\/section>\n\n<section class=\"block block-core\">\n<div class=\"wp-block-group wp-embed-aspect-16-9 wp-has-aspect-ratio\"><div class=\"wp-block-group__inner-container is-layout-flow wp-block-group-is-layout-flow\"><section class=\"block block-core\">\n<h2 class=\"wp-block-heading\">Vom kleinen stadt auf den internationalen Markt<\/h2>\n<\/section>\n\n<section class=\"block block-core\">\n<p>JKS Products Ltd wurde 2007 gegr\u00fcndet und hat sich schnell zu Finnlands f\u00fchrendem Hersteller von Netzwerkbaumaschinen entwickelt. Das Wachstum des Unternehmens erforderte Investitionen in die Erweiterung des Gel\u00e4ndes. Im Jahr 2012 zog unser Unternehmen in neue Produktionsanlagen von 800 m2 um, die f\u00fcr die Herstellung von Kabelwagen und Netzwerkbautechnik geeignet sind. Einige Jahre sp\u00e4ter wurde das Gel\u00e4nde um eine 600 m2 gro\u00dfe Lagerhalle erweitert. <\/p>\n<\/section>\n\n<section class=\"block block-core\">\n<div style=\"height:24px\" aria-hidden=\"true\" class=\"wp-block-spacer\"><\/div>\n<\/section>\n\n<section class=\"block block-core\">\n<div class=\"wp-block-columns zeromargin is-layout-flex wp-container-core-columns-is-layout-9d6595d7 wp-block-columns-is-layout-flex\"><section class=\"block block-core\">\n<div class=\"wp-block-column is-layout-flow wp-block-column-is-layout-flow\" style=\"flex-basis:45%\"><section class=\"block block-core\">\n<figure class=\"wp-block-image size-large\"><img decoding=\"async\" width=\"768\" height=\"1024\" data-src=\"https:\/\/jks-pro.fi\/wp-content\/uploads\/2022\/09\/20-768x1024.jpeg\" alt=\"\" class=\"wp-image-4690 lazyload\" data-srcset=\"https:\/\/jks-pro.fi\/wp-content\/uploads\/2022\/09\/20-768x1024.jpeg 768w, https:\/\/jks-pro.fi\/wp-content\/uploads\/2022\/09\/20-225x300.jpeg 225w, https:\/\/jks-pro.fi\/wp-content\/uploads\/2022\/09\/20-1152x1536.jpeg 1152w, https:\/\/jks-pro.fi\/wp-content\/uploads\/2022\/09\/20.jpeg 1200w\" data-sizes=\"(max-width: 768px) 100vw, 768px\" src=\"data:image\/svg+xml;base64,PHN2ZyB3aWR0aD0iMSIgaGVpZ2h0PSIxIiB4bWxucz0iaHR0cDovL3d3dy53My5vcmcvMjAwMC9zdmciPjwvc3ZnPg==\" style=\"--smush-placeholder-width: 768px; --smush-placeholder-aspect-ratio: 768\/1024;\" \/><\/figure>\n<\/section><\/div>\n<\/section>\n\n<section class=\"block block-core\">\n<div class=\"wp-block-column is-layout-flow wp-block-column-is-layout-flow\" style=\"flex-basis:66.66%\"><section class=\"block block-core\">\n<p>Das Unternehmen hat auch in ein neues ERP-System, Produktmanagement (PDM) und auch einen Rohrlaser investiert, um das Wachstum im Zuliefergesch\u00e4ft zu f\u00f6rdern.<\/p>\n<\/section>\n\n<section class=\"block block-core\">\n<p>JKS Products Ltd hat insbesondere in die Erschlie\u00dfung des Exportmarktes investiert. Heute werden unsere Produkte in mehrere europ\u00e4ische L\u00e4nder geliefert, wie z.B. Norwegen, die Schweiz, Italien, Frankreich, Polen, Gro\u00dfbritannien und Schweden, wo das Unternehmen langj\u00e4hrige Partner hat.<\/p>\n<\/section>\n\n<section class=\"block block-core\">\n<p>Unsere Produkte wurden beispielsweise auch nach Afrika, in den Nahen Osten und nach Amerika geliefert. Unser Ziel ist es, die Exporte weiter zu steigern und wir sind auf der Suche nach neuen H\u00e4ndlern und Partnern f\u00fcr den Exportmarkt.<\/p>\n<\/section><\/div>\n<\/section><\/div>\n<\/section><\/div><\/div>\n<\/section>\n\n<section class=\"block block-core\">\n<div style=\"height:58px\" aria-hidden=\"true\" class=\"wp-block-spacer wp-embed-aspect-16-9 wp-has-aspect-ratio\"><\/div>\n<\/section>\n\n<section class=\"block block-core\">\n<div class=\"wp-block-group wp-embed-aspect-16-9 wp-has-aspect-ratio\"><div class=\"wp-block-group__inner-container is-layout-constrained wp-block-group-is-layout-constrained\"><section class=\"block block-core\">\n<h2 class=\"wp-block-heading\">Hochwertige, langlebige Produkte und ma\u00dfgeschneiderte L\u00f6sungen f\u00fcr den Netzbau<\/h2>\n<\/section>\n\n<section class=\"block block-core\">\n<div class=\"wp-block-columns are-vertically-aligned-center is-layout-flex wp-container-core-columns-is-layout-9d6595d7 wp-block-columns-is-layout-flex\"><section class=\"block block-core\">\n<div class=\"wp-block-column is-vertically-aligned-center is-layout-flow wp-block-column-is-layout-flow\"><section class=\"block block-core\">\n<p>Unsere breite Auswahl bietet unseren Kunden effektive L\u00f6sungen f\u00fcr den Bau, die Sanierung und den R\u00fcckbau eines Kabelnetzes. Unsere Produkte wurden im Laufe der Jahre in Zusammenarbeit mit Kunden entwickelt. Wir sind in der Lage, unseren Kunden ma\u00dfgeschneiderte L\u00f6sungen anzubieten, auch mit der eigenen Marke unserer Partner.<\/p>\n<\/section>\n\n<section class=\"block block-core\">\n<p>Unsere professionellen Mitarbeiter und unser Gesch\u00e4ftspartnernetzwerk sorgen f\u00fcr die bestm\u00f6glichen L\u00f6sungen f\u00fcr unsere Kunden, damit der Netzbau bei unseren Kunden vor Ort effizient und sicher abl\u00e4uft.<\/p>\n<\/section><\/div>\n<\/section>\n\n<section class=\"block block-core\">\n<div class=\"wp-block-column is-vertically-aligned-center is-layout-flow wp-block-column-is-layout-flow\"><section class=\"block block-core\">\n<figure class=\"wp-block-image size-full\"><img decoding=\"async\" width=\"800\" height=\"600\" data-src=\"https:\/\/jks-pro.fi\/wp-content\/uploads\/2021\/04\/jks2500_iso.jpg\" alt=\"Kuvan vaunu varustettuna PSS putkik\u00e4\u00e4rmepukilla\" class=\"wp-image-2306 lazyload\" data-srcset=\"https:\/\/jks-pro.fi\/wp-content\/uploads\/2021\/04\/jks2500_iso.jpg 800w, https:\/\/jks-pro.fi\/wp-content\/uploads\/2021\/04\/jks2500_iso-300x225.jpg 300w, https:\/\/jks-pro.fi\/wp-content\/uploads\/2021\/04\/jks2500_iso-768x576.jpg 768w\" data-sizes=\"(max-width: 800px) 100vw, 800px\" src=\"data:image\/svg+xml;base64,PHN2ZyB3aWR0aD0iMSIgaGVpZ2h0PSIxIiB4bWxucz0iaHR0cDovL3d3dy53My5vcmcvMjAwMC9zdmciPjwvc3ZnPg==\" style=\"--smush-placeholder-width: 800px; --smush-placeholder-aspect-ratio: 800\/600;\" \/><\/figure>\n<\/section><\/div>\n<\/section><\/div>\n<\/section><\/div><\/div>\n<\/section>\n\n<section class=\"block block-core\">\n<div style=\"height:47px\" aria-hidden=\"true\" class=\"wp-block-spacer wp-embed-aspect-16-9 wp-has-aspect-ratio\"><\/div>\n<\/section>\n\n<section class=\"block block-core\">\n<div class=\"wp-block-group grey-bg\"><div class=\"wp-block-group__inner-container is-layout-constrained wp-block-group-is-layout-constrained\"><section class=\"block block-core\">\n<h2 class=\"wp-block-heading\">Verantwortung und Qualit\u00e4t gehen Hand in Hand<\/h2>\n<\/section>\n\n<section class=\"block block-core\">\n<p>Verantwortungsvolles Wirtschaften ist unserer Meinung nach eine Voraussetzung f\u00fcr eine nachhaltige Entwicklung. Wir bem\u00fchen uns um verantwortungsvolles Wirtschaften, das Mensch, Gesellschaft und Umwelt respektiert. Wir unterst\u00fctzen die Ziele f\u00fcr nachhaltige Entwicklung der Vereinten Nationen und setzen uns f\u00fcr die Schonung nat\u00fcrlicher Ressourcen ein.<\/p>\n<\/section>\n\n<section class=\"block block-core\">\n<p>Wir geh\u00f6ren zur Verantwortung des Herstellers Verband, Rinki, und haben das Ekokompassi-Zertifikat erhalten. Unsere Qualit\u00e4tsaktivit\u00e4ten werden durch das gepr\u00fcfte Qualit\u00e4tssystem von Trafi verwaltet, das dem Qualit\u00e4tssystem ISO 9001 entspricht. Weitere Informationen zu unseren Verhaltenskodex-Verfahren und der von Testmill Certifionn ausgestellten Compliance-Zusicherung finden Sie unter den folgenden Links.<\/p>\n<\/section>\n\n<section class=\"block block-core\">\n<div class=\"wp-block-group is-content-justification-center is-layout-flex wp-container-core-group-is-layout-64b26803 wp-block-group-is-layout-flex\"><section class=\"block block-core\">\n<div class=\"wp-block-media-text is-stacked-on-mobile\" style=\"grid-template-columns:15% auto\"><figure class=\"wp-block-media-text__media\"><img decoding=\"async\" width=\"724\" height=\"1024\" data-src=\"https:\/\/jks-pro.fi\/wp-content\/uploads\/2024\/10\/jks_coc_en_cover-724x1024.png\" alt=\"JKS Products Code of Conduct in English\" class=\"wp-image-7666 size-full lazyload\" data-srcset=\"https:\/\/jks-pro.fi\/wp-content\/uploads\/2024\/10\/jks_coc_en_cover-724x1024.png 724w, https:\/\/jks-pro.fi\/wp-content\/uploads\/2024\/10\/jks_coc_en_cover-212x300.png 212w, https:\/\/jks-pro.fi\/wp-content\/uploads\/2024\/10\/jks_coc_en_cover-768x1087.png 768w, https:\/\/jks-pro.fi\/wp-content\/uploads\/2024\/10\/jks_coc_en_cover.png 827w\" data-sizes=\"(max-width: 724px) 100vw, 724px\" src=\"data:image\/svg+xml;base64,PHN2ZyB3aWR0aD0iMSIgaGVpZ2h0PSIxIiB4bWxucz0iaHR0cDovL3d3dy53My5vcmcvMjAwMC9zdmciPjwvc3ZnPg==\" style=\"--smush-placeholder-width: 724px; --smush-placeholder-aspect-ratio: 724\/1024;\" \/><\/figure><div class=\"wp-block-media-text__content\"><section class=\"block block-core\">\n<p><strong><a href=\"https:\/\/jks-pro.fi\/wp-content\/uploads\/2024\/10\/jks_coc_en.pdf\">Verfahrensanweisungen f\u00fcr den Verhaltenskodex<\/a> <\/strong>\u2013 auf Englisch (PDF)<\/p>\n<\/section><\/div><\/div>\n<\/section>\n\n<section class=\"block block-core\">\n<div class=\"wp-block-media-text is-stacked-on-mobile\" style=\"grid-template-columns:15% auto\"><figure class=\"wp-block-media-text__media\"><img decoding=\"async\" width=\"6670\" height=\"9438\" data-src=\"https:\/\/jks-pro.fi\/wp-content\/uploads\/2022\/06\/SCoP-29115-01-eng-sign_sivu2_Page_1.jpg\" alt=\"\" class=\"wp-image-4026 size-full lazyload\" data-srcset=\"https:\/\/jks-pro.fi\/wp-content\/uploads\/2022\/06\/SCoP-29115-01-eng-sign_sivu2_Page_1.jpg 6670w, https:\/\/jks-pro.fi\/wp-content\/uploads\/2022\/06\/SCoP-29115-01-eng-sign_sivu2_Page_1-212x300.jpg 212w\" data-sizes=\"(max-width: 6670px) 100vw, 6670px\" src=\"data:image\/svg+xml;base64,PHN2ZyB3aWR0aD0iMSIgaGVpZ2h0PSIxIiB4bWxucz0iaHR0cDovL3d3dy53My5vcmcvMjAwMC9zdmciPjwvc3ZnPg==\" style=\"--smush-placeholder-width: 6670px; --smush-placeholder-aspect-ratio: 6670\/9438;\" \/><\/figure><div class=\"wp-block-media-text__content\"><section class=\"block block-core\">\n<p><strong><a href=\"https:\/\/jks-pro.fi\/wp-content\/uploads\/2024\/10\/jks-statement-of-compliance.pdf\">Konformit\u00e4tserkl\u00e4rung JKS Products Ltd \u2013 Finnlands f\u00fchrender Hersteller von Netzwerktechnik<\/a><\/strong> \u2013 auf Englisch (PDF)<\/p>\n<\/section><\/div><\/div>\n<\/section><\/div>\n<\/section><\/div><\/div>\n<\/section>","protected":false},"excerpt":{"rendered":"<p>JKS Products Ltd \u2013 breite Palette von Netzwerkbautechnologien von einem f\u00fchrenden Hersteller in Finnland JKS Products Ltd stellt im finnischen Ylivi\u0119ska Kabeltrommelanh\u00e4nger und Netzbaumaschinen her. Das Unternehmen verf\u00fcgt \u00fcber fast 25 Jahre Erfahrung in der Herstellung von Netzwerkbautechnik. Dar\u00fcber hinaus f\u00fchren wir f\u00fcr unsere Kunden Auftragsfertigungen durch, wie z. B. Zulieferdienstleistungen f\u00fcr Rohrlaser und automatische [&hellip;]<\/p>\n","protected":false},"author":1,"featured_media":0,"parent":0,"menu_order":0,"comment_status":"closed","ping_status":"closed","template":"gutenberg_edit.php","meta":{"_acf_changed":false,"footnotes":""},"class_list":["post-4249","page","type-page","status-publish","hentry"],"acf":[],"yoast_head":"<!-- This site is optimized with the Yoast SEO plugin v27.3 - https:\/\/yoast.com\/product\/yoast-seo-wordpress\/ -->\n<title>JKS Products Ltd<\/title>\n<meta name=\"robots\" content=\"index, follow, max-snippet:-1, max-image-preview:large, max-video-preview:-1\" \/>\n<link rel=\"canonical\" href=\"https:\/\/jks-pro.fi\/de\/unternehmen\/\" \/>\n<meta property=\"og:locale\" content=\"de_DE\" \/>\n<meta property=\"og:type\" content=\"article\" \/>\n<meta property=\"og:title\" content=\"Unternehmen - JKS Products Ltd\" \/>\n<meta property=\"og:description\" content=\"JKS Products Ltd \u2013 breite Palette von Netzwerkbautechnologien von einem f\u00fchrenden Hersteller in Finnland JKS Products Ltd stellt im finnischen Ylivi\u0119ska Kabeltrommelanh\u00e4nger und Netzbaumaschinen her. Das Unternehmen verf\u00fcgt \u00fcber fast 25 Jahre Erfahrung in der Herstellung von Netzwerkbautechnik. Dar\u00fcber hinaus f\u00fchren wir f\u00fcr unsere Kunden Auftragsfertigungen durch, wie z. B. Zulieferdienstleistungen f\u00fcr Rohrlaser und automatische [&hellip;]\" \/>\n<meta property=\"og:url\" content=\"https:\/\/jks-pro.fi\/de\/unternehmen\/\" \/>\n<meta property=\"og:site_name\" content=\"JKS Products Ltd\" \/>\n<meta property=\"article:modified_time\" content=\"2024-12-20T10:31:06+00:00\" \/>\n<meta property=\"og:image\" content=\"https:\/\/jks-pro.fi\/wp-content\/uploads\/2022\/09\/20.jpeg\" \/>\n\t<meta property=\"og:image:width\" content=\"1200\" \/>\n\t<meta property=\"og:image:height\" content=\"1600\" \/>\n\t<meta property=\"og:image:type\" content=\"image\/jpeg\" \/>\n<meta name=\"twitter:card\" content=\"summary_large_image\" \/>\n<meta name=\"twitter:label1\" content=\"Est. reading time\" \/>\n\t<meta name=\"twitter:data1\" content=\"4 minutes\" \/>\n<script type=\"application\/ld+json\" class=\"yoast-schema-graph\">{\"@context\":\"https:\\\/\\\/schema.org\",\"@graph\":[{\"@type\":\"WebPage\",\"@id\":\"https:\\\/\\\/jks-pro.fi\\\/de\\\/unternehmen\\\/\",\"url\":\"https:\\\/\\\/jks-pro.fi\\\/de\\\/unternehmen\\\/\",\"name\":\"Unternehmen - JKS Products Ltd\",\"isPartOf\":{\"@id\":\"https:\\\/\\\/jks-pro.fi\\\/#website\"},\"primaryImageOfPage\":{\"@id\":\"https:\\\/\\\/jks-pro.fi\\\/de\\\/unternehmen\\\/#primaryimage\"},\"image\":{\"@id\":\"https:\\\/\\\/jks-pro.fi\\\/de\\\/unternehmen\\\/#primaryimage\"},\"thumbnailUrl\":\"https:\\\/\\\/jks-pro.fi\\\/wp-content\\\/uploads\\\/2022\\\/09\\\/20-768x1024.jpeg\",\"datePublished\":\"2022-09-06T13:18:34+00:00\",\"dateModified\":\"2024-12-20T10:31:06+00:00\",\"breadcrumb\":{\"@id\":\"https:\\\/\\\/jks-pro.fi\\\/de\\\/unternehmen\\\/#breadcrumb\"},\"inLanguage\":\"de-DE\",\"potentialAction\":[{\"@type\":\"ReadAction\",\"target\":[\"https:\\\/\\\/jks-pro.fi\\\/de\\\/unternehmen\\\/\"]}]},{\"@type\":\"ImageObject\",\"inLanguage\":\"de-DE\",\"@id\":\"https:\\\/\\\/jks-pro.fi\\\/de\\\/unternehmen\\\/#primaryimage\",\"url\":\"https:\\\/\\\/jks-pro.fi\\\/wp-content\\\/uploads\\\/2022\\\/09\\\/20-768x1024.jpeg\",\"contentUrl\":\"https:\\\/\\\/jks-pro.fi\\\/wp-content\\\/uploads\\\/2022\\\/09\\\/20-768x1024.jpeg\"},{\"@type\":\"BreadcrumbList\",\"@id\":\"https:\\\/\\\/jks-pro.fi\\\/de\\\/unternehmen\\\/#breadcrumb\",\"itemListElement\":[{\"@type\":\"ListItem\",\"position\":1,\"name\":\"Home\",\"item\":\"https:\\\/\\\/jks-pro.fi\\\/de\\\/\"},{\"@type\":\"ListItem\",\"position\":2,\"name\":\"Unternehmen\"}]},{\"@type\":\"WebSite\",\"@id\":\"https:\\\/\\\/jks-pro.fi\\\/#website\",\"url\":\"https:\\\/\\\/jks-pro.fi\\\/\",\"name\":\"JKS Products Ltd\",\"description\":\"suomen johtava verkonrakennuslaitteiden valmistaja\",\"publisher\":{\"@id\":\"https:\\\/\\\/jks-pro.fi\\\/#organization\"},\"potentialAction\":[{\"@type\":\"SearchAction\",\"target\":{\"@type\":\"EntryPoint\",\"urlTemplate\":\"https:\\\/\\\/jks-pro.fi\\\/?s={search_term_string}\"},\"query-input\":{\"@type\":\"PropertyValueSpecification\",\"valueRequired\":true,\"valueName\":\"search_term_string\"}}],\"inLanguage\":\"de-DE\"},{\"@type\":\"Organization\",\"@id\":\"https:\\\/\\\/jks-pro.fi\\\/#organization\",\"name\":\"JKS Products Ltd\",\"url\":\"https:\\\/\\\/jks-pro.fi\\\/\",\"logo\":{\"@type\":\"ImageObject\",\"inLanguage\":\"de-DE\",\"@id\":\"https:\\\/\\\/jks-pro.fi\\\/#\\\/schema\\\/logo\\\/image\\\/\",\"url\":\"https:\\\/\\\/jks-pro.fi\\\/wp-content\\\/uploads\\\/2020\\\/11\\\/logo@2x.png\",\"contentUrl\":\"https:\\\/\\\/jks-pro.fi\\\/wp-content\\\/uploads\\\/2020\\\/11\\\/logo@2x.png\",\"width\":284,\"height\":140,\"caption\":\"JKS Products Ltd\"},\"image\":{\"@id\":\"https:\\\/\\\/jks-pro.fi\\\/#\\\/schema\\\/logo\\\/image\\\/\"}}]}<\/script>\n<!-- \/ Yoast SEO plugin. -->","yoast_head_json":{"title":"JKS Products Ltd","robots":{"index":"index","follow":"follow","max-snippet":"max-snippet:-1","max-image-preview":"max-image-preview:large","max-video-preview":"max-video-preview:-1"},"canonical":"https:\/\/jks-pro.fi\/de\/unternehmen\/","og_locale":"de_DE","og_type":"article","og_title":"Unternehmen - JKS Products Ltd","og_description":"JKS Products Ltd \u2013 breite Palette von Netzwerkbautechnologien von einem f\u00fchrenden Hersteller in Finnland JKS Products Ltd stellt im finnischen Ylivi\u0119ska Kabeltrommelanh\u00e4nger und Netzbaumaschinen her. Das Unternehmen verf\u00fcgt \u00fcber fast 25 Jahre Erfahrung in der Herstellung von Netzwerkbautechnik. Dar\u00fcber hinaus f\u00fchren wir f\u00fcr unsere Kunden Auftragsfertigungen durch, wie z. B. Zulieferdienstleistungen f\u00fcr Rohrlaser und automatische [&hellip;]","og_url":"https:\/\/jks-pro.fi\/de\/unternehmen\/","og_site_name":"JKS Products Ltd","article_modified_time":"2024-12-20T10:31:06+00:00","og_image":[{"width":1200,"height":1600,"url":"https:\/\/jks-pro.fi\/wp-content\/uploads\/2022\/09\/20.jpeg","type":"image\/jpeg"}],"twitter_card":"summary_large_image","twitter_misc":{"Est. reading time":"4 minutes"},"schema":{"@context":"https:\/\/schema.org","@graph":[{"@type":"WebPage","@id":"https:\/\/jks-pro.fi\/de\/unternehmen\/","url":"https:\/\/jks-pro.fi\/de\/unternehmen\/","name":"Unternehmen - JKS Products Ltd","isPartOf":{"@id":"https:\/\/jks-pro.fi\/#website"},"primaryImageOfPage":{"@id":"https:\/\/jks-pro.fi\/de\/unternehmen\/#primaryimage"},"image":{"@id":"https:\/\/jks-pro.fi\/de\/unternehmen\/#primaryimage"},"thumbnailUrl":"https:\/\/jks-pro.fi\/wp-content\/uploads\/2022\/09\/20-768x1024.jpeg","datePublished":"2022-09-06T13:18:34+00:00","dateModified":"2024-12-20T10:31:06+00:00","breadcrumb":{"@id":"https:\/\/jks-pro.fi\/de\/unternehmen\/#breadcrumb"},"inLanguage":"de-DE","potentialAction":[{"@type":"ReadAction","target":["https:\/\/jks-pro.fi\/de\/unternehmen\/"]}]},{"@type":"ImageObject","inLanguage":"de-DE","@id":"https:\/\/jks-pro.fi\/de\/unternehmen\/#primaryimage","url":"https:\/\/jks-pro.fi\/wp-content\/uploads\/2022\/09\/20-768x1024.jpeg","contentUrl":"https:\/\/jks-pro.fi\/wp-content\/uploads\/2022\/09\/20-768x1024.jpeg"},{"@type":"BreadcrumbList","@id":"https:\/\/jks-pro.fi\/de\/unternehmen\/#breadcrumb","itemListElement":[{"@type":"ListItem","position":1,"name":"Home","item":"https:\/\/jks-pro.fi\/de\/"},{"@type":"ListItem","position":2,"name":"Unternehmen"}]},{"@type":"WebSite","@id":"https:\/\/jks-pro.fi\/#website","url":"https:\/\/jks-pro.fi\/","name":"JKS Products Ltd","description":"suomen johtava verkonrakennuslaitteiden valmistaja","publisher":{"@id":"https:\/\/jks-pro.fi\/#organization"},"potentialAction":[{"@type":"SearchAction","target":{"@type":"EntryPoint","urlTemplate":"https:\/\/jks-pro.fi\/?s={search_term_string}"},"query-input":{"@type":"PropertyValueSpecification","valueRequired":true,"valueName":"search_term_string"}}],"inLanguage":"de-DE"},{"@type":"Organization","@id":"https:\/\/jks-pro.fi\/#organization","name":"JKS Products Ltd","url":"https:\/\/jks-pro.fi\/","logo":{"@type":"ImageObject","inLanguage":"de-DE","@id":"https:\/\/jks-pro.fi\/#\/schema\/logo\/image\/","url":"https:\/\/jks-pro.fi\/wp-content\/uploads\/2020\/11\/logo@2x.png","contentUrl":"https:\/\/jks-pro.fi\/wp-content\/uploads\/2020\/11\/logo@2x.png","width":284,"height":140,"caption":"JKS Products Ltd"},"image":{"@id":"https:\/\/jks-pro.fi\/#\/schema\/logo\/image\/"}}]}},"_links":{"self":[{"href":"https:\/\/jks-pro.fi\/de\/wp-json\/wp\/v2\/pages\/4249","targetHints":{"allow":["GET"]}}],"collection":[{"href":"https:\/\/jks-pro.fi\/de\/wp-json\/wp\/v2\/pages"}],"about":[{"href":"https:\/\/jks-pro.fi\/de\/wp-json\/wp\/v2\/types\/page"}],"author":[{"embeddable":true,"href":"https:\/\/jks-pro.fi\/de\/wp-json\/wp\/v2\/users\/1"}],"replies":[{"embeddable":true,"href":"https:\/\/jks-pro.fi\/de\/wp-json\/wp\/v2\/comments?post=4249"}],"version-history":[{"count":20,"href":"https:\/\/jks-pro.fi\/de\/wp-json\/wp\/v2\/pages\/4249\/revisions"}],"predecessor-version":[{"id":7885,"href":"https:\/\/jks-pro.fi\/de\/wp-json\/wp\/v2\/pages\/4249\/revisions\/7885"}],"wp:attachment":[{"href":"https:\/\/jks-pro.fi\/de\/wp-json\/wp\/v2\/media?parent=4249"}],"curies":[{"name":"wp","href":"https:\/\/api.w.org\/{rel}","templated":true}]}}